{"id":4248,"date":"2024-08-15T10:59:16","date_gmt":"2024-08-15T13:59:16","guid":{"rendered":"https:\/\/www.oficinaconectada.com.br\/blog\/?page_id=4248"},"modified":"2024-08-22T12:08:51","modified_gmt":"2024-08-22T15:08:51","slug":"e-book-gratuito-diagnostico-e-testes-do-sistema-de-abs","status":"publish","type":"page","link":"https:\/\/www.oficinaconectada.com.br\/blog\/e-book-gratuito-diagnostico-e-testes-do-sistema-de-abs\/","title":{"rendered":"E-book Gratuito: Diagn\u00f3stico e Testes do Sistema de ABS."},"content":{"rendered":"\n<p>Se voc\u00ea \u00e9 um profissional da \u00e1rea automotiva e busca aperfei\u00e7oar suas habilidades no diagn\u00f3stico e testes do sistema ABS, temos uma \u00f3tima not\u00edcia para voc\u00ea.<\/p>\n\n\n\n<p>Acabamos de lan\u00e7ar o <em>Guia para Diagn\u00f3stico e Testes do Sistema ABS<\/em>, um e-Book completo que oferece uma abordagem detalhada sobre as tr\u00eas etapas essenciais para a verifica\u00e7\u00e3o desse sistema vital.<\/p>\n\n\n\n<script src='https:\/\/oficinaconectada.com.br\/scripts\/jquery-3.5.1.min.js'><\/script>\n<link rel=\"stylesheet\" href=\"https:\/\/oficinaconectada.com.br\/Content\/bootstrap.min.css\">\n<link rel=\"stylesheet\" href=\"https:\/\/oficinaconectada.com.br\/plugins\/animate\/animate.css\">\n<link rel=\"stylesheet\" href=\"https:\/\/oficinaconectada.com.br\/plugins\/sweetalerts\/promise-polyfill.js\">\n<link rel=\"stylesheet\" href=\"https:\/\/oficinaconectada.com.br\/plugins\/sweetalerts\/sweetalert2.min.css\">\n<link rel=\"stylesheet\" href=\"https:\/\/oficinaconectada.com.br\/plugins\/sweetalerts\/sweetalert.css\">\n<link rel=\"stylesheet\" href=\"https:\/\/oficinaconectada.com.br\/assets\/css\/ui-kit\/custom-sweetalert.css\">\n\n<script src=\"https:\/\/oficinaconectada.com.br\/plugins\/input-mask\/jquery.inputmask.bundle.min.js\"><\/script>\n<script src=\"https:\/\/oficinaconectada.com.br\/plugins\/sweetalerts\/sweetalert2.min.js\"><\/script>\n\n<script src=\"https:\/\/oficinaconectada.com.br\/Scripts\/js\/Scripts.js\"><\/script>\n<script src=\"https:\/\/oficinaconectada.com.br\/Scripts\/js\/Form.js\"><\/script>\n\n<style>\n    .form-control.is-invalid, .was-validated .form-control:invalid {\n        border-color: #dc3545;\n        padding-right: calc(1.5em + .75rem);\n        background-image: url(data:image\/svg+xml,%3csvg xmlns='http:\/\/www.w3.org\/2000\/svg' width='12' height='12' fill='none' stroke='%23dc3545' viewBox='0 0 12 12'%3e%3ccircle cx='6' cy='6' r='4.5'\/%3e%3cpath stroke-linejoin='round' d='M5.8 3.6h.4L6 6.5z'\/%3e%3ccircle cx='6' cy='8.2' r='.6' fill='%23dc3545' stroke='none'\/%3e%3c\/svg%3e);\n        background-repeat: no-repeat;\n        background-position: right calc(.375em + .1875rem) center;\n        background-size: calc(.75em + .375rem) calc(.75em + .375rem);\n    }\n\n    .BDC_CaptchaDiv {\n        display: block !important;\n        float: left !important;\n    }\n\n    .BDC_CaptchaImageDiv {\n        display: block !important;\n        float: left !important;\n    }\n\n    .BDC_CaptchaIconsDiv {\n        display: block !important;\n        float: left !important;\n    }\n<\/style>\n<form class=\"needs-validation\" id=\"FormCadastro\" novalidate onsubmit=\"FormEnviar2(); return false;\" title=\"ABS\" form_id=\"23\">\n\n    <div class=\"form-group\">\n        <label class=\"control-label\" for=\"nome\">Nome<\/label>\n        <input class=\"form-control\" id=\"nome\" type=\"text\" name=\"text\" required \/>\n    <\/div>\n    <div class=\"form-group\">\n        <label class=\"control-label\" for=\"email\">E-mail<\/label>\n        <input class=\"form-control\" id=\"email\" type=\"email\" name=\"email\" required \/>\n    <\/div>\n\n    <div class=\"form-group\">\n        <label class=\"control-label\" for=\"ddd\">Whatsapp DDD + Telefone<\/label>\n        <div class=\"input-group\">\n            <input type=\"text\" class=\"form-control\" id=\"ddd\" placeholder=\"DDD\" pattern=\"[0-9]{2}\" required \/>\n            <input type=\"text\" class=\"form-control\" id=\"telefone\" placeholder=\"Telefone\" pattern=\"[0-9]{8,9}\" required \/>\n        <\/div>\n    <\/div>\n    <div class=\"form-group\">\n        <label class=\"control-label\" for=\"mecanico\">Voc\u00ea \u00e9 mec\u00e2nico?<\/label>\n        <select class=\"form-control\" id=\"mecanico\" required>\n            <option value=\"\"><\/option>\n            <option value=\"True\">Sim<\/option>\n            <option value=\"False\">N\u00e3o<\/option>\n        <\/select>\n    <\/div>\n    <div class=\"form-group\">\n        <button type=\"submit\" class=\"btn btn-success btn-rounded my-5 confirmar\">Enviar<\/button>\n    <\/div>\n<\/form>\n\n\n\n<p><strong>Preencha o formul\u00e1rio acima e fa\u00e7a o download do seu eBook gratuito agora mesmo:<\/strong><\/p>\n\n\n\n<p>Desde a alimenta\u00e7\u00e3o el\u00e9trica, passando pelos sensores de velocidade das rodas, at\u00e9 as conex\u00f5es com a unidade de controle da carroceria, este guia \u00e9 uma ferramenta indispens\u00e1vel para garantir diagn\u00f3sticos precisos e manuten\u00e7\u00e3o eficiente.<\/p>\n\n\n\n<p>Aproveite para se aprofundar em cada detalhe e leve seu conhecimento ao pr\u00f3ximo n\u00edvel!<\/p>\n","protected":false},"excerpt":{"rendered":"Se voc\u00ea \u00e9 um profissional da \u00e1rea automotiva e busca aperfei\u00e7oar suas habilidades no diagn\u00f3stico e testes do&hellip;","protected":false},"author":1,"featured_media":4180,"parent":0,"menu_order":0,"comment_status":"closed","ping_status":"closed","template":"","meta":{"csco_singular_sidebar":"","csco_page_header_type":"","csco_page_load_nextpost":"","csco_post_video_location":[],"csco_post_video_location_hash":"","csco_post_video_url":"","csco_post_video_bg_start_time":0,"csco_post_video_bg_end_time":0,"footnotes":""},"class_list":{"0":"post-4248","1":"page","2":"type-page","3":"status-publish","4":"has-post-thumbnail","6":"cs-entry","7":"cs-video-wrap"},"yoast_head":"<!-- This site is optimized with the Yoast SEO plugin v25.9 - https:\/\/yoast.com\/wordpress\/plugins\/seo\/ -->\r\n<title>E-book Gratuito: Diagn\u00f3stico e Testes do Sistema de ABS.<\/title>\r\n<meta name=\"description\" content=\"Baixe agora o Guia Completo para Diagn\u00f3stico e Testes do Sistema ABS e aprimore suas habilidades na manuten\u00e7\u00e3o automotiva.\" \/>\r\n<meta name=\"robots\" content=\"index, follow, max-snippet:-1, max-image-preview:large, max-video-preview:-1\" \/>\r\n<link rel=\"canonical\" href=\"https:\/\/www.oficinaconectada.com.br\/blog\/e-book-gratuito-diagnostico-e-testes-do-sistema-de-abs\/\" \/>\r\n<meta property=\"og:locale\" content=\"pt_BR\" \/>\r\n<meta property=\"og:type\" content=\"article\" \/>\r\n<meta property=\"og:title\" content=\"E-book Gratuito: Diagn\u00f3stico e Testes do Sistema de ABS.\" \/>\r\n<meta property=\"og:description\" content=\"Baixe agora o Guia Completo para Diagn\u00f3stico e Testes do Sistema ABS e aprimore suas habilidades na manuten\u00e7\u00e3o automotiva.\" \/>\r\n<meta property=\"og:url\" content=\"https:\/\/www.oficinaconectada.com.br\/blog\/e-book-gratuito-diagnostico-e-testes-do-sistema-de-abs\/\" \/>\r\n<meta property=\"og:site_name\" content=\"Blog da Oficina Conectada\" \/>\r\n<meta property=\"article:modified_time\" content=\"2024-08-22T15:08:51+00:00\" \/>\r\n<meta property=\"og:image\" content=\"https:\/\/www.oficinaconectada.com.br\/blog\/wp-content\/uploads\/2024\/07\/files_migration_tb_fotos-35490-645-scaled.jpg\" \/>\r\n\t<meta property=\"og:image:width\" content=\"2560\" \/>\r\n\t<meta property=\"og:image:height\" content=\"1707\" \/>\r\n\t<meta property=\"og:image:type\" content=\"image\/jpeg\" \/>\r\n<meta name=\"twitter:card\" content=\"summary_large_image\" \/>\r\n<meta name=\"twitter:label1\" content=\"Est. tempo de leitura\" \/>\n\t<meta name=\"twitter:data1\" content=\"1 minuto\" \/>\r\n<script type=\"application\/ld+json\" class=\"yoast-schema-graph\">{\"@context\":\"https:\/\/schema.org\",\"@graph\":[{\"@type\":\"WebPage\",\"@id\":\"https:\/\/www.oficinaconectada.com.br\/blog\/e-book-gratuito-diagnostico-e-testes-do-sistema-de-abs\/\",\"url\":\"https:\/\/www.oficinaconectada.com.br\/blog\/e-book-gratuito-diagnostico-e-testes-do-sistema-de-abs\/\",\"name\":\"E-book Gratuito: Diagn\u00f3stico e Testes do Sistema de ABS.\",\"isPartOf\":{\"@id\":\"https:\/\/www.oficinaconectada.com.br\/blog\/#website\"},\"primaryImageOfPage\":{\"@id\":\"https:\/\/www.oficinaconectada.com.br\/blog\/e-book-gratuito-diagnostico-e-testes-do-sistema-de-abs\/#primaryimage\"},\"image\":{\"@id\":\"https:\/\/www.oficinaconectada.com.br\/blog\/e-book-gratuito-diagnostico-e-testes-do-sistema-de-abs\/#primaryimage\"},\"thumbnailUrl\":\"https:\/\/www.oficinaconectada.com.br\/blog\/wp-content\/uploads\/2024\/07\/files_migration_tb_fotos-35490-645-scaled.jpg\",\"datePublished\":\"2024-08-15T13:59:16+00:00\",\"dateModified\":\"2024-08-22T15:08:51+00:00\",\"description\":\"Baixe agora o Guia Completo para Diagn\u00f3stico e Testes do Sistema ABS e aprimore suas habilidades na manuten\u00e7\u00e3o automotiva.\",\"breadcrumb\":{\"@id\":\"https:\/\/www.oficinaconectada.com.br\/blog\/e-book-gratuito-diagnostico-e-testes-do-sistema-de-abs\/#breadcrumb\"},\"inLanguage\":\"pt-BR\",\"potentialAction\":[{\"@type\":\"ReadAction\",\"target\":[\"https:\/\/www.oficinaconectada.com.br\/blog\/e-book-gratuito-diagnostico-e-testes-do-sistema-de-abs\/\"]}]},{\"@type\":\"ImageObject\",\"inLanguage\":\"pt-BR\",\"@id\":\"https:\/\/www.oficinaconectada.com.br\/blog\/e-book-gratuito-diagnostico-e-testes-do-sistema-de-abs\/#primaryimage\",\"url\":\"https:\/\/www.oficinaconectada.com.br\/blog\/wp-content\/uploads\/2024\/07\/files_migration_tb_fotos-35490-645-scaled.jpg\",\"contentUrl\":\"https:\/\/www.oficinaconectada.com.br\/blog\/wp-content\/uploads\/2024\/07\/files_migration_tb_fotos-35490-645-scaled.jpg\",\"width\":2560,\"height\":1707},{\"@type\":\"BreadcrumbList\",\"@id\":\"https:\/\/www.oficinaconectada.com.br\/blog\/e-book-gratuito-diagnostico-e-testes-do-sistema-de-abs\/#breadcrumb\",\"itemListElement\":[{\"@type\":\"ListItem\",\"position\":1,\"name\":\"Home\",\"item\":\"https:\/\/www.oficinaconectada.com.br\/blog\/\"},{\"@type\":\"ListItem\",\"position\":2,\"name\":\"E-book Gratuito: Diagn\u00f3stico e Testes do Sistema de ABS.\"}]},{\"@type\":\"WebSite\",\"@id\":\"https:\/\/www.oficinaconectada.com.br\/blog\/#website\",\"url\":\"https:\/\/www.oficinaconectada.com.br\/blog\/\",\"name\":\"Blog da Oficina Conectada\",\"description\":\"Bem vindo ao Blog da Oficina Conectada, informa\u00e7\u00e3o t\u00e9cnica para reparadores automotivos.\",\"publisher\":{\"@id\":\"https:\/\/www.oficinaconectada.com.br\/blog\/#organization\"},\"potentialAction\":[{\"@type\":\"SearchAction\",\"target\":{\"@type\":\"EntryPoint\",\"urlTemplate\":\"https:\/\/www.oficinaconectada.com.br\/blog\/?s={search_term_string}\"},\"query-input\":{\"@type\":\"PropertyValueSpecification\",\"valueRequired\":true,\"valueName\":\"search_term_string\"}}],\"inLanguage\":\"pt-BR\"},{\"@type\":\"Organization\",\"@id\":\"https:\/\/www.oficinaconectada.com.br\/blog\/#organization\",\"name\":\"Oficina Conectada\",\"url\":\"https:\/\/www.oficinaconectada.com.br\/blog\/\",\"logo\":{\"@type\":\"ImageObject\",\"inLanguage\":\"pt-BR\",\"@id\":\"https:\/\/www.oficinaconectada.com.br\/blog\/#\/schema\/logo\/image\/\",\"url\":\"https:\/\/www.oficinaconectada.com.br\/blog\/wp-content\/uploads\/2021\/09\/OficinaConectada_logo.png\",\"contentUrl\":\"https:\/\/www.oficinaconectada.com.br\/blog\/wp-content\/uploads\/2021\/09\/OficinaConectada_logo.png\",\"width\":1838,\"height\":749,\"caption\":\"Oficina Conectada\"},\"image\":{\"@id\":\"https:\/\/www.oficinaconectada.com.br\/blog\/#\/schema\/logo\/image\/\"}}]}<\/script>\r\n<!-- \/ Yoast SEO plugin. -->","yoast_head_json":{"title":"E-book Gratuito: Diagn\u00f3stico e Testes do Sistema de ABS.","description":"Baixe agora o Guia Completo para Diagn\u00f3stico e Testes do Sistema ABS e aprimore suas habilidades na manuten\u00e7\u00e3o automotiva.","robots":{"index":"index","follow":"follow","max-snippet":"max-snippet:-1","max-image-preview":"max-image-preview:large","max-video-preview":"max-video-preview:-1"},"canonical":"https:\/\/www.oficinaconectada.com.br\/blog\/e-book-gratuito-diagnostico-e-testes-do-sistema-de-abs\/","og_locale":"pt_BR","og_type":"article","og_title":"E-book Gratuito: Diagn\u00f3stico e Testes do Sistema de ABS.","og_description":"Baixe agora o Guia Completo para Diagn\u00f3stico e Testes do Sistema ABS e aprimore suas habilidades na manuten\u00e7\u00e3o automotiva.","og_url":"https:\/\/www.oficinaconectada.com.br\/blog\/e-book-gratuito-diagnostico-e-testes-do-sistema-de-abs\/","og_site_name":"Blog da Oficina Conectada","article_modified_time":"2024-08-22T15:08:51+00:00","og_image":[{"width":2560,"height":1707,"url":"https:\/\/www.oficinaconectada.com.br\/blog\/wp-content\/uploads\/2024\/07\/files_migration_tb_fotos-35490-645-scaled.jpg","type":"image\/jpeg"}],"twitter_card":"summary_large_image","twitter_misc":{"Est. tempo de leitura":"1 minuto"},"schema":{"@context":"https:\/\/schema.org","@graph":[{"@type":"WebPage","@id":"https:\/\/www.oficinaconectada.com.br\/blog\/e-book-gratuito-diagnostico-e-testes-do-sistema-de-abs\/","url":"https:\/\/www.oficinaconectada.com.br\/blog\/e-book-gratuito-diagnostico-e-testes-do-sistema-de-abs\/","name":"E-book Gratuito: Diagn\u00f3stico e Testes do Sistema de ABS.","isPartOf":{"@id":"https:\/\/www.oficinaconectada.com.br\/blog\/#website"},"primaryImageOfPage":{"@id":"https:\/\/www.oficinaconectada.com.br\/blog\/e-book-gratuito-diagnostico-e-testes-do-sistema-de-abs\/#primaryimage"},"image":{"@id":"https:\/\/www.oficinaconectada.com.br\/blog\/e-book-gratuito-diagnostico-e-testes-do-sistema-de-abs\/#primaryimage"},"thumbnailUrl":"https:\/\/www.oficinaconectada.com.br\/blog\/wp-content\/uploads\/2024\/07\/files_migration_tb_fotos-35490-645-scaled.jpg","datePublished":"2024-08-15T13:59:16+00:00","dateModified":"2024-08-22T15:08:51+00:00","description":"Baixe agora o Guia Completo para Diagn\u00f3stico e Testes do Sistema ABS e aprimore suas habilidades na manuten\u00e7\u00e3o automotiva.","breadcrumb":{"@id":"https:\/\/www.oficinaconectada.com.br\/blog\/e-book-gratuito-diagnostico-e-testes-do-sistema-de-abs\/#breadcrumb"},"inLanguage":"pt-BR","potentialAction":[{"@type":"ReadAction","target":["https:\/\/www.oficinaconectada.com.br\/blog\/e-book-gratuito-diagnostico-e-testes-do-sistema-de-abs\/"]}]},{"@type":"ImageObject","inLanguage":"pt-BR","@id":"https:\/\/www.oficinaconectada.com.br\/blog\/e-book-gratuito-diagnostico-e-testes-do-sistema-de-abs\/#primaryimage","url":"https:\/\/www.oficinaconectada.com.br\/blog\/wp-content\/uploads\/2024\/07\/files_migration_tb_fotos-35490-645-scaled.jpg","contentUrl":"https:\/\/www.oficinaconectada.com.br\/blog\/wp-content\/uploads\/2024\/07\/files_migration_tb_fotos-35490-645-scaled.jpg","width":2560,"height":1707},{"@type":"BreadcrumbList","@id":"https:\/\/www.oficinaconectada.com.br\/blog\/e-book-gratuito-diagnostico-e-testes-do-sistema-de-abs\/#breadcrumb","itemListElement":[{"@type":"ListItem","position":1,"name":"Home","item":"https:\/\/www.oficinaconectada.com.br\/blog\/"},{"@type":"ListItem","position":2,"name":"E-book Gratuito: Diagn\u00f3stico e Testes do Sistema de ABS."}]},{"@type":"WebSite","@id":"https:\/\/www.oficinaconectada.com.br\/blog\/#website","url":"https:\/\/www.oficinaconectada.com.br\/blog\/","name":"Blog da Oficina Conectada","description":"Bem vindo ao Blog da Oficina Conectada, informa\u00e7\u00e3o t\u00e9cnica para reparadores automotivos.","publisher":{"@id":"https:\/\/www.oficinaconectada.com.br\/blog\/#organization"},"potentialAction":[{"@type":"SearchAction","target":{"@type":"EntryPoint","urlTemplate":"https:\/\/www.oficinaconectada.com.br\/blog\/?s={search_term_string}"},"query-input":{"@type":"PropertyValueSpecification","valueRequired":true,"valueName":"search_term_string"}}],"inLanguage":"pt-BR"},{"@type":"Organization","@id":"https:\/\/www.oficinaconectada.com.br\/blog\/#organization","name":"Oficina Conectada","url":"https:\/\/www.oficinaconectada.com.br\/blog\/","logo":{"@type":"ImageObject","inLanguage":"pt-BR","@id":"https:\/\/www.oficinaconectada.com.br\/blog\/#\/schema\/logo\/image\/","url":"https:\/\/www.oficinaconectada.com.br\/blog\/wp-content\/uploads\/2021\/09\/OficinaConectada_logo.png","contentUrl":"https:\/\/www.oficinaconectada.com.br\/blog\/wp-content\/uploads\/2021\/09\/OficinaConectada_logo.png","width":1838,"height":749,"caption":"Oficina Conectada"},"image":{"@id":"https:\/\/www.oficinaconectada.com.br\/blog\/#\/schema\/logo\/image\/"}}]}},"_links":{"self":[{"href":"https:\/\/www.oficinaconectada.com.br\/blog\/wp-json\/wp\/v2\/pages\/4248","targetHints":{"allow":["GET"]}}],"collection":[{"href":"https:\/\/www.oficinaconectada.com.br\/blog\/wp-json\/wp\/v2\/pages"}],"about":[{"href":"https:\/\/www.oficinaconectada.com.br\/blog\/wp-json\/wp\/v2\/types\/page"}],"author":[{"embeddable":true,"href":"https:\/\/www.oficinaconectada.com.br\/blog\/wp-json\/wp\/v2\/users\/1"}],"replies":[{"embeddable":true,"href":"https:\/\/www.oficinaconectada.com.br\/blog\/wp-json\/wp\/v2\/comments?post=4248"}],"version-history":[{"count":5,"href":"https:\/\/www.oficinaconectada.com.br\/blog\/wp-json\/wp\/v2\/pages\/4248\/revisions"}],"predecessor-version":[{"id":4257,"href":"https:\/\/www.oficinaconectada.com.br\/blog\/wp-json\/wp\/v2\/pages\/4248\/revisions\/4257"}],"wp:featuredmedia":[{"embeddable":true,"href":"https:\/\/www.oficinaconectada.com.br\/blog\/wp-json\/wp\/v2\/media\/4180"}],"wp:attachment":[{"href":"https:\/\/www.oficinaconectada.com.br\/blog\/wp-json\/wp\/v2\/media?parent=4248"}],"curies":[{"name":"wp","href":"https:\/\/api.w.org\/{rel}","templated":true}]}}